{"id":109,"date":"2020-04-11T17:39:59","date_gmt":"2020-04-11T15:39:59","guid":{"rendered":"https:\/\/www.fassilmedsas.com\/?page_id=109"},"modified":"2026-03-02T17:10:15","modified_gmt":"2026-03-02T16:10:15","slug":"linea-trifasiko","status":"publish","type":"page","link":"https:\/\/www.fassilmedsas.com\/?page_id=109","title":{"rendered":"Linea TRIFASIKO"},"content":{"rendered":"\n<p class=\"wp-block-paragraph\"><\/p>\n\n\n\n<h2 class=\"wp-block-heading has-text-align-center\"><strong>Trifasiko VGRm &#8211; Integratore<\/strong><\/h2>\n\n\n\n<p class=\"wp-block-paragraph\">L\u2019integratore alimentare TRIFASIKO VGRm \u00e8 formulato utilizzando gli attivi di ultima generazione pi\u00f9 performanti per contrastare la caduta dei capelli ed incrementarne lo spessore.<\/p>\n\n\n\n<p class=\"wp-block-paragraph\">Contiene:<br><em>MACA: \u00e8 scientificamente dimostrato che aumenta la libido e la fertilit\u00e0 sia maschile che femminile. E\u2019 ricca di aminoacidi essenziali, che l\u2019organismo non \u00e8 in grado di sintetizzare, e&nbsp; sono importanti per le funzioni metaboliche, tra cui la crescita dei capelli ed il rafforzamento follicolare. Contiene pi\u00f9 Vitamine di qualunque verdura! Soprattutto il complesso B e la C. I Sali Minerali fondamentali che regala sono: Ferro, Zinco, Calcio.<\/em><br><em>VITE ROSSA (estratto secco): notevole la sua funzione vasoprotettrice, che permette una buona circolazione a livello periferico, irrorando i follicoli e mantenendo idratati pelle e cuoio capelluto.<\/em><br><em>LICOPENE (estratto da pomodoro rosso): \u00e8 un eccellente antiossidante e coadiuva il controllo del colesterolo.<\/em><br><em>L-CISTINA: aminoacido fondamentale nella sintesi della cheratina.<\/em><br><em>L-METIONINA: aminoacido del capello, coadiuva la distruzione degli acidi grassi saturi.<\/em><br><em>L-ARGININA: contribuisce alla dilatazione dei vasi sanguigni per un microcircolo funzionale.<\/em><br><em>ZINCO: aiuta l\u2019assorbimento delle Vit. del complesso B.<\/em><br><em>CALCIO D-PANTOTENATO (Vit.B5): utilizzato dall\u2019organismo per sintetizzare energia, contribuisce ad aiutare la pelle problematica e le dermatiti. Contrasta la caduta dei capelli .&nbsp;<\/em><br><em>PABA: \u00e8 un aminoacido capace di neutralizzare l\u2019ossigeno singoletto, prima che diventi perossido, molecola tossica che causa caduta dei capelli. Ha effetti benefici sulle malattie cutanee come la dermatite o la vitiligine. Ridona per ca. il 25% il colore originale ai capelli bianchi.<\/em><\/p>\n\n\n\n<p class=\"wp-block-paragraph\">MODO D\u2019USO: per 3 mesi, 1cpr\/d\u00ec<\/p>\n\n\n\n<div class=\"wp-block-columns alignwide has-3-columns is-layout-flex wp-container-core-columns-is-layout-8f761849 wp-block-columns-is-layout-flex\">\n<div class=\"wp-block-column is-layout-flow wp-block-column-is-layout-flow\"><div class=\"wp-block-image\">\n<figure class=\"aligncenter size-large\"><img loading=\"lazy\" decoding=\"async\" width=\"2085\" height=\"2084\" src=\"https:\/\/www.fassilmedsas.com\/wp-content\/uploads\/2020\/06\/integratori-01.jpg?w=1024\" alt=\"\" class=\"wp-image-297\" srcset=\"https:\/\/www.fassilmedsas.com\/wp-content\/uploads\/2020\/06\/integratori-01.jpg 2085w, https:\/\/www.fassilmedsas.com\/wp-content\/uploads\/2020\/06\/integratori-01-300x300.jpg 300w, https:\/\/www.fassilmedsas.com\/wp-content\/uploads\/2020\/06\/integratori-01-1024x1024.jpg 1024w, https:\/\/www.fassilmedsas.com\/wp-content\/uploads\/2020\/06\/integratori-01-150x150.jpg 150w, https:\/\/www.fassilmedsas.com\/wp-content\/uploads\/2020\/06\/integratori-01-768x768.jpg 768w, https:\/\/www.fassilmedsas.com\/wp-content\/uploads\/2020\/06\/integratori-01-1536x1536.jpg 1536w, https:\/\/www.fassilmedsas.com\/wp-content\/uploads\/2020\/06\/integratori-01-2048x2048.jpg 2048w, https:\/\/www.fassilmedsas.com\/wp-content\/uploads\/2020\/06\/integratori-01-720x720.jpg 720w, https:\/\/www.fassilmedsas.com\/wp-content\/uploads\/2020\/06\/integratori-01-750x750.jpg 750w, https:\/\/www.fassilmedsas.com\/wp-content\/uploads\/2020\/06\/integratori-01-560x560.jpg 560w, https:\/\/www.fassilmedsas.com\/wp-content\/uploads\/2020\/06\/integratori-01-100x100.jpg 100w, https:\/\/www.fassilmedsas.com\/wp-content\/uploads\/2020\/06\/integratori-01-60x60.jpg 60w, https:\/\/www.fassilmedsas.com\/wp-content\/uploads\/2020\/06\/integratori-01-90x90.jpg 90w\" sizes=\"auto, (max-width: 2085px) 100vw, 2085px\" \/><\/figure>\n<\/div><\/div>\n<\/div>\n\n\n\n<hr class=\"wp-block-separator has-css-opacity is-style-wide\"\/>\n\n\n\n<h2 class=\"wp-block-heading has-text-align-center\" style=\"line-height:1.6\"><strong>Trifasiko Shield<\/strong><\/h2>\n\n\n\n<p class=\"wp-block-paragraph\"><strong>Trifasiko Shield<\/strong> con Glicogeno Marino e Melatonina contrasta i radicali liberi causati dalle onde elettromagnetiche, che accorciano la fase Anagen del capello, causando caduta precoce ed assottigliamento dello stelo. Si consiglia un trattamento trimestrale 2 volte all\u2019anno.<\/p>\n\n\n<div class=\"wp-block-image\">\n<figure class=\"aligncenter size-large\"><img loading=\"lazy\" decoding=\"async\" width=\"750\" height=\"750\" src=\"https:\/\/www.fassilmedsas.com\/wp-content\/uploads\/2021\/04\/WhatsApp-Image-2021-04-07-at-21.15.16.jpeg\" alt=\"\" class=\"wp-image-1024\" srcset=\"https:\/\/www.fassilmedsas.com\/wp-content\/uploads\/2021\/04\/WhatsApp-Image-2021-04-07-at-21.15.16.jpeg 750w, https:\/\/www.fassilmedsas.com\/wp-content\/uploads\/2021\/04\/WhatsApp-Image-2021-04-07-at-21.15.16-300x300.jpeg 300w, https:\/\/www.fassilmedsas.com\/wp-content\/uploads\/2021\/04\/WhatsApp-Image-2021-04-07-at-21.15.16-150x150.jpeg 150w, https:\/\/www.fassilmedsas.com\/wp-content\/uploads\/2021\/04\/WhatsApp-Image-2021-04-07-at-21.15.16-720x720.jpeg 720w, https:\/\/www.fassilmedsas.com\/wp-content\/uploads\/2021\/04\/WhatsApp-Image-2021-04-07-at-21.15.16-560x560.jpeg 560w, https:\/\/www.fassilmedsas.com\/wp-content\/uploads\/2021\/04\/WhatsApp-Image-2021-04-07-at-21.15.16-100x100.jpeg 100w, https:\/\/www.fassilmedsas.com\/wp-content\/uploads\/2021\/04\/WhatsApp-Image-2021-04-07-at-21.15.16-60x60.jpeg 60w, https:\/\/www.fassilmedsas.com\/wp-content\/uploads\/2021\/04\/WhatsApp-Image-2021-04-07-at-21.15.16-90x90.jpeg 90w, https:\/\/www.fassilmedsas.com\/wp-content\/uploads\/2021\/04\/WhatsApp-Image-2021-04-07-at-21.15.16-400x400.jpeg 400w, https:\/\/www.fassilmedsas.com\/wp-content\/uploads\/2021\/04\/WhatsApp-Image-2021-04-07-at-21.15.16-200x200.jpeg 200w\" sizes=\"auto, (max-width: 750px) 100vw, 750px\" \/><\/figure>\n<\/div>","protected":false},"excerpt":{"rendered":"<p>Trifasiko VGRm &#8211; Integratore L\u2019integratore alimentare TRIFASIKO VGRm \u00e8 formulato utilizzando gli attivi di ultima generazione pi\u00f9 performanti per contrastare la caduta dei capelli ed incrementarne lo spessore. Contiene:MACA: \u00e8 scientificamente dimostrato che aumenta la libido e la fertilit\u00e0 sia maschile che femminile. E\u2019 ricca di aminoacidi essenziali, che l\u2019organismo non \u00e8 in grado di [&hellip;]<\/p>\n","protected":false},"author":183148539,"featured_media":0,"parent":0,"menu_order":0,"comment_status":"closed","ping_status":"closed","template":"","meta":{"_coblocks_attr":"","_coblocks_dimensions":"","_coblocks_responsive_height":"","_coblocks_accordion_ie_support":"","_crdt_document":"","_themeisle_gutenberg_block_has_review":false,"footnotes":""},"class_list":["post-109","page","type-page","status-publish","hentry"],"amp_enabled":true,"_links":{"self":[{"href":"https:\/\/www.fassilmedsas.com\/index.php?rest_route=\/wp\/v2\/pages\/109","targetHints":{"allow":["GET"]}}],"collection":[{"href":"https:\/\/www.fassilmedsas.com\/index.php?rest_route=\/wp\/v2\/pages"}],"about":[{"href":"https:\/\/www.fassilmedsas.com\/index.php?rest_route=\/wp\/v2\/types\/page"}],"author":[{"embeddable":true,"href":"https:\/\/www.fassilmedsas.com\/index.php?rest_route=\/wp\/v2\/users\/183148539"}],"replies":[{"embeddable":true,"href":"https:\/\/www.fassilmedsas.com\/index.php?rest_route=%2Fwp%2Fv2%2Fcomments&post=109"}],"version-history":[{"count":21,"href":"https:\/\/www.fassilmedsas.com\/index.php?rest_route=\/wp\/v2\/pages\/109\/revisions"}],"predecessor-version":[{"id":6778,"href":"https:\/\/www.fassilmedsas.com\/index.php?rest_route=\/wp\/v2\/pages\/109\/revisions\/6778"}],"wp:attachment":[{"href":"https:\/\/www.fassilmedsas.com\/index.php?rest_route=%2Fwp%2Fv2%2Fmedia&parent=109"}],"curies":[{"name":"wp","href":"https:\/\/api.w.org\/{rel}","templated":true}]}}