{"id":2091,"date":"2023-03-25T18:59:02","date_gmt":"2023-03-25T17:59:02","guid":{"rendered":"https:\/\/www.fassilmedsas.com\/?post_type=product&#038;p=2091"},"modified":"2026-01-26T17:10:33","modified_gmt":"2026-01-26T16:10:33","slug":"shampoo-artigianale-luce","status":"publish","type":"product","link":"https:\/\/www.fassilmedsas.com\/?product=shampoo-artigianale-luce","title":{"rendered":"Shampoo Artigianale Luce"},"content":{"rendered":"<p>Shampoo Artigianale Luce 250 ml<br \/>\nLo Shampoo, il Conditioner e lo\u00a0 Spray Sunlight Luce sono stati formulati ulato per filmare il capello con Luce e Setosit\u00e0. Incredibilmente si trasferisce la Luce del Sole sullo Stelo rendendolo brillante! Il verbasco \u00e8 un fiore &#8220;fotoluminescente&#8221;, ossia ha la capacit\u00e0 di assorbire energia luminosa UV per emetterla sotto forma di Luce visibile . L&#8217;estratto di Foglie di Olivo fortifica la struttura . L&#8217;Aloe Vera dona morbidezza e facilita la pettinabilit\u00e0.<\/p>\n<p>Il laboratorio di produzione ha testato i prodotti sia clinicamente che fisicamente tramite la collaborazione di alcuni professionisti Hayr Stylist. Hanno la certificazione vegana e la certificazione Principi Attivi di Origine Bio. Tutti i processi produttivi, dallo sviluppo della Linea al confezionamento, avvengono artigianalmente.<\/p>\n","protected":false},"excerpt":{"rendered":"<p>Shampoo Artigianale Luce 250 ml Lo Shampoo, il Conditioner e lo\u00a0 Spray Sunlight Luce sono stati formulati ulato per filmare il capello con Luce e Setosit\u00e0. Incredibilmente si trasferisce la Luce del Sole sullo Stelo rendendolo brillante! Il verbasco \u00e8 un fiore &#8220;fotoluminescente&#8221;, ossia ha la capacit\u00e0 di assorbire energia luminosa UV per emetterla sotto [&hellip;]<\/p>\n","protected":false},"featured_media":2203,"comment_status":"open","ping_status":"closed","template":"","meta":{"_coblocks_attr":"","_coblocks_dimensions":"","_coblocks_responsive_height":"","_coblocks_accordion_ie_support":"","_crdt_document":"","_themeisle_gutenberg_block_has_review":false},"product_brand":[],"product_cat":[688637411],"product_tag":[],"class_list":{"0":"post-2091","1":"product","2":"type-product","3":"status-publish","4":"has-post-thumbnail","6":"product_cat-bio-system-professional","8":"first","9":"instock","10":"taxable","11":"shipping-taxable","12":"purchasable","13":"product-type-simple"},"_links":{"self":[{"href":"https:\/\/www.fassilmedsas.com\/index.php?rest_route=\/wp\/v2\/product\/2091","targetHints":{"allow":["GET"]}}],"collection":[{"href":"https:\/\/www.fassilmedsas.com\/index.php?rest_route=\/wp\/v2\/product"}],"about":[{"href":"https:\/\/www.fassilmedsas.com\/index.php?rest_route=\/wp\/v2\/types\/product"}],"replies":[{"embeddable":true,"href":"https:\/\/www.fassilmedsas.com\/index.php?rest_route=%2Fwp%2Fv2%2Fcomments&post=2091"}],"wp:featuredmedia":[{"embeddable":true,"href":"https:\/\/www.fassilmedsas.com\/index.php?rest_route=\/wp\/v2\/media\/2203"}],"wp:attachment":[{"href":"https:\/\/www.fassilmedsas.com\/index.php?rest_route=%2Fwp%2Fv2%2Fmedia&parent=2091"}],"wp:term":[{"taxonomy":"product_brand","embeddable":true,"href":"https:\/\/www.fassilmedsas.com\/index.php?rest_route=%2Fwp%2Fv2%2Fproduct_brand&post=2091"},{"taxonomy":"product_cat","embeddable":true,"href":"https:\/\/www.fassilmedsas.com\/index.php?rest_route=%2Fwp%2Fv2%2Fproduct_cat&post=2091"},{"taxonomy":"product_tag","embeddable":true,"href":"https:\/\/www.fassilmedsas.com\/index.php?rest_route=%2Fwp%2Fv2%2Fproduct_tag&post=2091"}],"curies":[{"name":"wp","href":"https:\/\/api.w.org\/{rel}","templated":true}]}}