{"id":577,"date":"2020-12-28T10:19:03","date_gmt":"2020-12-28T09:19:03","guid":{"rendered":"https:\/\/www.fassilmedsas.com\/?post_type=product&#038;p=577"},"modified":"2025-01-24T11:40:10","modified_gmt":"2025-01-24T10:40:10","slug":"shampoo-gommage-5-aminoacidi-collagenici-borragine","status":"publish","type":"product","link":"https:\/\/www.fassilmedsas.com\/?product=shampoo-gommage-5-aminoacidi-collagenici-borragine","title":{"rendered":"Shampoo-Gommage 5% Aminoacidi Collagenici + Borragine"},"content":{"rendered":"<p>Su di una cute in cui \u00e8 compromesso il film acido-idrolipidico, la presenza di acqua e sostanze nutritive risulta insufficiente e lo strato epidermico rischia di divenire sensibile, arrossarsi fino a desquamarsi (a volte con fastidioso prurito). Il Collagene ha propriet\u00e0 elasticizzanti e lenitive ed \u00e8 la proteina pi\u00f9 importante della pelle. La Borragine ha funzione cheratolitica ed aiuta a rimuovere le anti-estetiche squame che si formano. TRIUNICO Bi-Olio, applicato 30 minuti prima dello shampoo, aiuta a calmare il fastidio cutaneo e a sollevare le scaglie che verranno pi\u00f9 facilmente allontanate con lo Shampoo-Gommage.<\/p>\n","protected":false},"excerpt":{"rendered":"<p>200ml<\/p>\n","protected":false},"featured_media":305,"comment_status":"open","ping_status":"closed","template":"","meta":{"_coblocks_attr":"","_coblocks_dimensions":"","_coblocks_responsive_height":"","_coblocks_accordion_ie_support":"","_crdt_document":"","_themeisle_gutenberg_block_has_review":false},"product_brand":[],"product_cat":[688637386],"product_tag":[],"class_list":{"0":"post-577","1":"product","2":"type-product","3":"status-publish","4":"has-post-thumbnail","6":"product_cat-linea-tricounico","8":"first","9":"instock","10":"taxable","11":"shipping-taxable","12":"purchasable","13":"product-type-simple"},"_links":{"self":[{"href":"https:\/\/www.fassilmedsas.com\/index.php?rest_route=\/wp\/v2\/product\/577","targetHints":{"allow":["GET"]}}],"collection":[{"href":"https:\/\/www.fassilmedsas.com\/index.php?rest_route=\/wp\/v2\/product"}],"about":[{"href":"https:\/\/www.fassilmedsas.com\/index.php?rest_route=\/wp\/v2\/types\/product"}],"replies":[{"embeddable":true,"href":"https:\/\/www.fassilmedsas.com\/index.php?rest_route=%2Fwp%2Fv2%2Fcomments&post=577"}],"wp:featuredmedia":[{"embeddable":true,"href":"https:\/\/www.fassilmedsas.com\/index.php?rest_route=\/wp\/v2\/media\/305"}],"wp:attachment":[{"href":"https:\/\/www.fassilmedsas.com\/index.php?rest_route=%2Fwp%2Fv2%2Fmedia&parent=577"}],"wp:term":[{"taxonomy":"product_brand","embeddable":true,"href":"https:\/\/www.fassilmedsas.com\/index.php?rest_route=%2Fwp%2Fv2%2Fproduct_brand&post=577"},{"taxonomy":"product_cat","embeddable":true,"href":"https:\/\/www.fassilmedsas.com\/index.php?rest_route=%2Fwp%2Fv2%2Fproduct_cat&post=577"},{"taxonomy":"product_tag","embeddable":true,"href":"https:\/\/www.fassilmedsas.com\/index.php?rest_route=%2Fwp%2Fv2%2Fproduct_tag&post=577"}],"curies":[{"name":"wp","href":"https:\/\/api.w.org\/{rel}","templated":true}]}}