{"id":583,"date":"2020-12-28T10:26:17","date_gmt":"2020-12-28T09:26:17","guid":{"rendered":"https:\/\/www.fassilmedsas.com\/?post_type=product&#038;p=583"},"modified":"2026-01-26T16:46:00","modified_gmt":"2026-01-26T15:46:00","slug":"stem-siero","status":"publish","type":"product","link":"https:\/\/www.fassilmedsas.com\/?product=stem-siero","title":{"rendered":"STEM Siero"},"content":{"rendered":"<p><strong>Trattamento Rinforzante Potenziato<\/strong><br \/>\nUnico nel suo genere, si tratta di un ritrovato biotecnologico di elevatissima qualit\u00e0.<br \/>\nLe Cellule Staminali Vegetali hanno la caratteristica capacit\u00e0 di riprodursi in maniera pressoch\u00e9 illimitata, ringiovanendo i tessuti. Il Corallo, essendo un animale che assume una forma vegetale e che, tolto dall\u2019acqua, si trasforma in \u201cpietra\u201d, simboleggia la somma dell\u2019energia dei 3 regni: animale, vegetale e minerale. Il suo colore rosso, cos\u00ec simile al sangue umano, lo fa ritenere fin dall\u2019antichit\u00e0 fonte di vita e sinonimo di longevit\u00e0. Il Corallo porta con s\u00e9 un\u2019incredibile dote di 74 minerali (tra cui 87% di carbonato di calcio), che gli forniscono una potenza unica: combatte<br \/>\nil dolore associato alle neuropatie, arricchisce l\u2019assorbimento di calcio a livello osseo, ha effetti benefici su cuore e umore. La sinergia tra Corallo e Cellule Staminali Vegetali consente a Triunico Stem Trattamento Rinforzante Potenziato di essere un incomparabile alleato nel rafforzamento dei capelli e nella crescita fisiologica.<\/p>\n","protected":false},"excerpt":{"rendered":"<p>50ml<\/p>\n","protected":false},"featured_media":310,"comment_status":"open","ping_status":"closed","template":"","meta":{"_coblocks_attr":"","_coblocks_dimensions":"","_coblocks_responsive_height":"","_coblocks_accordion_ie_support":"","_crdt_document":"","_themeisle_gutenberg_block_has_review":false},"product_brand":[],"product_cat":[688637386],"product_tag":[],"class_list":{"0":"post-583","1":"product","2":"type-product","3":"status-publish","4":"has-post-thumbnail","6":"product_cat-linea-tricounico","8":"first","9":"instock","10":"taxable","11":"shipping-taxable","12":"purchasable","13":"product-type-simple"},"_links":{"self":[{"href":"https:\/\/www.fassilmedsas.com\/index.php?rest_route=\/wp\/v2\/product\/583","targetHints":{"allow":["GET"]}}],"collection":[{"href":"https:\/\/www.fassilmedsas.com\/index.php?rest_route=\/wp\/v2\/product"}],"about":[{"href":"https:\/\/www.fassilmedsas.com\/index.php?rest_route=\/wp\/v2\/types\/product"}],"replies":[{"embeddable":true,"href":"https:\/\/www.fassilmedsas.com\/index.php?rest_route=%2Fwp%2Fv2%2Fcomments&post=583"}],"wp:featuredmedia":[{"embeddable":true,"href":"https:\/\/www.fassilmedsas.com\/index.php?rest_route=\/wp\/v2\/media\/310"}],"wp:attachment":[{"href":"https:\/\/www.fassilmedsas.com\/index.php?rest_route=%2Fwp%2Fv2%2Fmedia&parent=583"}],"wp:term":[{"taxonomy":"product_brand","embeddable":true,"href":"https:\/\/www.fassilmedsas.com\/index.php?rest_route=%2Fwp%2Fv2%2Fproduct_brand&post=583"},{"taxonomy":"product_cat","embeddable":true,"href":"https:\/\/www.fassilmedsas.com\/index.php?rest_route=%2Fwp%2Fv2%2Fproduct_cat&post=583"},{"taxonomy":"product_tag","embeddable":true,"href":"https:\/\/www.fassilmedsas.com\/index.php?rest_route=%2Fwp%2Fv2%2Fproduct_tag&post=583"}],"curies":[{"name":"wp","href":"https:\/\/api.w.org\/{rel}","templated":true}]}}